{"id":1997,"date":"2019-06-06T12:27:58","date_gmt":"2019-06-06T12:27:58","guid":{"rendered":"https:\/\/www.elaraliving.com\/?page_id=1997"},"modified":"2026-01-30T04:54:50","modified_gmt":"2026-01-30T04:54:50","slug":"homepage","status":"publish","type":"page","link":"https:\/\/www.elaraliving.com\/de\/","title":{"rendered":"Homepage"},"content":{"rendered":"<section class=\"wpb-content-wrapper\"><div data-vc-full-width=\"true\" data-vc-full-width-init=\"false\" data-vc-stretch-content=\"true\" class=\"vc_row wpb_row vc_row-fluid homepage-video-banner vc_row-no-padding\">\n        \n<div class=\"wpb_column vc_column_container vc_col-sm-12\">\n    <div class=\"vc_column-inner\">\n        <div class=\"wpb_wrapper\">\n            \n\t<div class=\"wpb_raw_code wpb_content_element wpb_raw_html background-video-home\" >\n\t\t<div class=\"wpb_wrapper\">\n\t\t\t<video autoplay loop muted playsinline class=\"video-background\" id=\"videobg\">\n <source src=\"https:\/\/oceanoapartdev.wpengine.com\/wp-content\/uploads\/2023\/01\/v1-with-images.mp4\" type=\"video\/mp4\">\n<source src=\"https:\/\/oceanoapartdev.wpengine.com\/wp-content\/uploads\/2023\/01\/v1-with-images.webm\" type=\"video\/webm\">\n<source src=\"https:\/\/oceanoapartdev.wpengine.com\/wp-content\/uploads\/2023\/01\/v1-with-images.mov\" type=\"video\/mov\">\n  Ihr Browser unterst\u00fctzt kein HTML5-Video.\n<\/video>\n\n<div class=\"video_top_content\">\n<div class=\"description\" data-uw-styling-context=\"true\">Willkommen zu Hause in Elara. <br>Sehen Sie, warum sich unsere Wohnungen auszeichnen.\n<\/div>\n<\/div>\n\t\t<\/div>\n\t<\/div>\n        <\/div>\n    <\/div>\n<\/div>    <\/div>\n    <div class=\"vc_row-full-width vc_clearfix\"><\/div>\n\n    <div data-vc-full-width=\"true\" data-vc-full-width-init=\"false\" data-vc-stretch-content=\"true\" class=\"vc_row wpb_row vc_row-fluid homepage-textbanner-2 image_front vc_row-no-padding\">\n        \n<div class=\"wpb_column vc_column_container vc_col-sm-12\">\n    <div class=\"vc_column-inner\">\n        <div class=\"wpb_wrapper\">\n            \n<div class=\"vc_row wpb_row vc_inner vc_row-fluid\">\n    <div class=\"wpb_column vc_column_container vc_col-sm-12\"><div class=\"vc_column-inner\"><div class=\"wpb_wrapper\">\n\t<div class=\"wpb_raw_code wpb_content_element wpb_raw_html single_img_se top_one\" >\n\t\t<div class=\"wpb_wrapper\">\n\t\t\t<video autoplay loop muted playsinline class=\"video-background\" id=\"videobgNew\">\n <source src=\"\/wp-content\/uploads\/2025\/10\/Elara-Apartments.mp4\" type=\"video\/mp4\">\n<source src=\"\/wp-content\/uploads\/2025\/10\/Elara-Apartments.webm\" type=\"video\/webm\">\n<source src=\"\/wp-content\/uploads\/2025\/10\/Elara-Apartments.mov\" type=\"video\/mov\">\n  Ihr Browser unterst\u00fctzt kein HTML5-Video.\n<\/video>\n\n<div class=\"video_top_content\">\n<\/div>\n\n\t\t<\/div>\n\t<\/div>\n<\/div><\/div><\/div><\/div>\n\n\t<div class=\"wpb_text_column wpb_content_element  txt_apply_button bg_grey_one\" >\n\t\t<div class=\"wpb_wrapper\">\n\t\t\t<div class=\"live_once_bdy\">\n<h5 class=\"subtitle txtcolor_black\">Ein strahlender Ort, den man sein Zuhause nennen kann.<br \/>\nLive at Elara Apartments in Woodland Hills, CA.<\/h5>\n<div class=\"description\">\n<p class=\"txtcolor_black\">Entdecken Sie ein Refugium der Ruhe und des Komforts in Elara - der perfekte Ort, um sich zu Hause zu f\u00fchlen.<\/p>\n<p class=\"txtcolor_black\">Experience timeless architecture and modern interiors in our <a href=\"https:\/\/www.elaraliving.com\/de\/floorplan\/\">1- and 2-bedroom<\/a> Woodland Hills, CA, apartments for rent, which are perfectly suited for coziness, located minutes away from everything Woodland Hills has to offer. Live here at Elara Apartments, where your heart can <a href=\"https:\/\/www.elaraliving.com\/de\/gallery\/\">feel at ease<\/a>. Join our community today.<\/p>\n<div class=\"btn_ocesano_apply_bdy\"><a class=\"btn btn_ocesano_apply\" href=\"https:\/\/oceanoapartments.securecafe.com\/onlineleasing\/oceano-apartments\/guestlogin.aspx\">Jetzt bewerben<\/a><\/div>\n<\/div>\n<\/div>\n\n\t\t<\/div>\n\t<\/div>\n        <\/div>\n    <\/div>\n<\/div>    <\/div>\n    <div class=\"vc_row-full-width vc_clearfix\"><\/div>\n\n    <div data-vc-full-width=\"true\" data-vc-full-width-init=\"false\" data-vc-stretch-content=\"true\" class=\"vc_row wpb_row vc_row-fluid homepage-textbanner-2 image_front vc_row-no-padding\">\n        \n<div class=\"wpb_column vc_column_container vc_col-sm-12\">\n    <div class=\"vc_column-inner\">\n        <div class=\"wpb_wrapper\">\n            \n\t<div  class=\"wpb_single_image wpb_content_element vc_align_left   single_img_se\">\n\t\t\n\t\t<figure class=\"wpb_wrapper vc_figure\">\n\t\t\t<div class=\"vc_single_image-wrapper   vc_box_border_grey\"><img loading=\"lazy\" decoding=\"async\" width=\"2560\" height=\"1707\" src=\"data:image\/gif;base64,R0lGODdhAQABAIAAAAAAAMzMzCwAAAAAAQABAAACAkQBADs=\" class=\"vc_single_image-img attachment-full\" alt=\"\" title=\"Center-Foto-Homepage\" data-lazy-src=\"https:\/\/www.elaraliving.com\/wp-content\/uploads\/2023\/07\/center-photo-homepage-scaled.jpg\" \/><\/div>\n\t\t<\/figure>\n\t<\/div>\n\n\t<div class=\"wpb_text_column wpb_content_element  txt_apply_button bg_brown_one\" >\n\t\t<div class=\"wpb_wrapper\">\n\t\t\t<div class=\"live_once_bdy\">\n<h5 class=\"subtitle txtcolor_white\">Entspannen unter warmem Himmel<\/h5>\n<div class=\"description\">\n<p class=\"txtcolor_white\">Erleben Sie die transformative Kraft eines mediterranen Urlaubs direkt in Ihrem Garten.<\/p>\n<p class=\"txtcolor_white\">Elara l\u00e4dt Sie ein, sich unter dem warmen Himmel zu entspannen und zu erholen. Es ist der Inbegriff des klassischen s\u00fcdkalifornischen Lebens und bietet eine verlockende Abwechslung zum st\u00e4dtischen Leben.<\/p>\n<\/div>\n<\/div>\n\n\t\t<\/div>\n\t<\/div>\n        <\/div>\n    <\/div>\n<\/div>    <\/div>\n    <div class=\"vc_row-full-width vc_clearfix\"><\/div>\n\n    <div data-vc-full-width=\"true\" data-vc-full-width-init=\"false\" data-vc-stretch-content=\"true\" class=\"vc_row wpb_row vc_row-fluid homepage-textbanner-2 image_front vc_row-no-padding\">\n        \n<div class=\"wpb_column vc_column_container vc_col-sm-12\">\n    <div class=\"vc_column-inner\">\n        <div class=\"wpb_wrapper\">\n            \n\t<div  class=\"wpb_single_image wpb_content_element vc_align_left   single_img_se\">\n\t\t\n\t\t<figure class=\"wpb_wrapper vc_figure\">\n\t\t\t<div class=\"vc_single_image-wrapper   vc_box_border_grey\"><img loading=\"lazy\" decoding=\"async\" width=\"2250\" height=\"1500\" src=\"data:image\/gif;base64,R0lGODdhAQABAIAAAAAAAMzMzCwAAAAAAQABAAACAkQBADs=\" class=\"vc_single_image-img attachment-full\" alt=\"\" title=\"Fr\u00f6hliche-Frau-schl\u00fcrft-Wein\" data-lazy-src=\"https:\/\/www.elaraliving.com\/wp-content\/uploads\/2023\/01\/Happy-woman-sipping-wine.jpg\" \/><\/div>\n\t\t<\/figure>\n\t<\/div>\n\n\t<div class=\"wpb_text_column wpb_content_element  txt_apply_button bg_pink_one\" >\n\t\t<div class=\"wpb_wrapper\">\n\t\t\t<div class=\"live_once_bdy\">\n<h5 class=\"subtitle txtcolor_black\">Finden Sie Ihren Platz.<\/h5>\n<div class=\"description\">\n<p class=\"txtcolor_black\">Elara ist ein Ort, den Sie Ihr Zuhause nennen k\u00f6nnen. Unsere Ein- und Zwei-Zimmer-Wohnungen verf\u00fcgen \u00fcber eine Designer-Einrichtung, individuelle Oberfl\u00e4chen und luxuri\u00f6se Annehmlichkeiten, die Ihnen das Gef\u00fchl geben, der Hektik des Lebens zu entfliehen und sich in einem gem\u00fctlichen Refugium zu entspannen.<\/p>\n<\/div>\n<\/div>\n\n\t\t<\/div>\n\t<\/div>\n        <\/div>\n    <\/div>\n<\/div>    <\/div>\n    <div class=\"vc_row-full-width vc_clearfix\"><\/div>\n\n    <div data-vc-full-width=\"true\" data-vc-full-width-init=\"false\" data-vc-stretch-content=\"true\" class=\"vc_row wpb_row vc_row-fluid homepage-textbanner-2 image_front vc_row-no-padding\">\n        \n<div class=\"wpb_column vc_column_container vc_col-sm-12\">\n    <div class=\"vc_column-inner\">\n        <div class=\"wpb_wrapper\">\n            \n\t<div  class=\"wpb_single_image wpb_content_element vc_align_left   single_img_se\">\n\t\t\n\t\t<figure class=\"wpb_wrapper vc_figure\">\n\t\t\t<div class=\"vc_single_image-wrapper   vc_box_border_grey\"><img loading=\"lazy\" decoding=\"async\" width=\"2250\" height=\"1500\" src=\"data:image\/gif;base64,R0lGODdhAQABAIAAAAAAAMzMzCwAAAAAAQABAAACAkQBADs=\" class=\"vc_single_image-img attachment-full\" alt=\"\" title=\"iStock-1319763851\" data-lazy-src=\"https:\/\/www.elaraliving.com\/wp-content\/uploads\/2023\/01\/iStock-1319763851.jpg\" \/><\/div>\n\t\t<\/figure>\n\t<\/div>\n\n\t<div class=\"wpb_text_column wpb_content_element  txt_apply_button bg_grey_one\" >\n\t\t<div class=\"wpb_wrapper\">\n\t\t\t<div class=\"live_once_bdy\">\n<h5 class=\"subtitle txtcolor_black\">Ein Haus im Tal.<\/h5>\n<div class=\"description\">\n<p class=\"txtcolor_black\">Schlie\u00dfen Sie Ihr Tor zum Paradies auf. Mit gro\u00dfz\u00fcgigen Balkonen, sich wiegenden Palmen und gemeinsamen Au\u00dfenbereichen ist es eine Oase der Ruhe, die darauf wartet, von Ihnen entdeckt zu werden. Machen Sie einen gem\u00fctlichen Spaziergang mit Ihrem<br \/>\noder das ganze Jahr \u00fcber wie im Urlaub in der Sonne liegen.<\/p>\n<\/div>\n<\/div>\n\n\t\t<\/div>\n\t<\/div>\n        <\/div>\n    <\/div>\n<\/div>    <\/div>\n    <div class=\"vc_row-full-width vc_clearfix\"><\/div>\n\n    <div data-vc-full-width=\"true\" data-vc-full-width-init=\"false\" data-vc-stretch-content=\"true\" class=\"vc_row wpb_row vc_row-fluid homepage-textbanner-2 image_front vc_row-no-padding\">\n        \n<div class=\"wpb_column vc_column_container vc_col-sm-12\">\n    <div class=\"vc_column-inner\">\n        <div class=\"wpb_wrapper\">\n            \n\t<div  class=\"wpb_single_image wpb_content_element vc_align_left   single_img_se\">\n\t\t\n\t\t<figure class=\"wpb_wrapper vc_figure\">\n\t\t\t<div class=\"vc_single_image-wrapper   vc_box_border_grey\"><img loading=\"lazy\" decoding=\"async\" width=\"2560\" height=\"1766\" src=\"data:image\/gif;base64,R0lGODdhAQABAIAAAAAAAMzMzCwAAAAAAQABAAACAkQBADs=\" class=\"vc_single_image-img attachment-full\" alt=\"Woodland Hills, CA, Haustierfreundliche Wohnungen - Elara - Leasing B\u00fcrogeb\u00e4ude mit Eigentum Beschilderung, gepflegte Str\u00e4ucher, B\u00e4ume, und blauer Himmel.\" title=\"letzte Foto-Homepage\" data-lazy-src=\"https:\/\/www.elaraliving.com\/wp-content\/uploads\/2023\/07\/last-photo-homepage-scaled.jpg\" \/><\/div>\n\t\t<\/figure>\n\t<\/div>\n        <\/div>\n    <\/div>\n<\/div>    <\/div>\n    <div class=\"vc_row-full-width vc_clearfix\"><\/div>\n\n    <div data-vc-full-width=\"true\" data-vc-full-width-init=\"false\" data-vc-stretch-content=\"true\" class=\"vc_row wpb_row vc_row-fluid homepage-image-layer vc_row-no-padding\">\n        \n<div class=\"wpb_column vc_column_container vc_col-sm-12\">\n    <div class=\"vc_column-inner\">\n        <div class=\"wpb_wrapper\">\n                    <\/div>\n    <\/div>\n<\/div>    <\/div>\n    <div class=\"vc_row-full-width vc_clearfix\"><\/div>\n\n    <div data-vc-full-width=\"true\" data-vc-full-width-init=\"false\" data-vc-stretch-content=\"true\" class=\"vc_row wpb_row vc_row-fluid bottom-contact-us bottom-contact-us-new vc_row-no-padding\">\n        \n<div class=\"wpb_column vc_column_container vc_col-sm-6\">\n    <div class=\"vc_column-inner\">\n        <div class=\"wpb_wrapper\">\n            \n\t<div class=\"wpb_text_column wpb_content_element  bottom-contact-us-txt\" >\n\t\t<div class=\"wpb_wrapper\">\n\t\t\t<p><strong>BUCHEN SIE IHRE TOUR NOCH HEUTE!<\/strong><\/p>\n\n\t\t<\/div>\n\t<\/div>\n        <\/div>\n    <\/div>\n<\/div>\n<div class=\"wpb_column vc_column_container vc_col-sm-6\">\n    <div class=\"vc_column-inner\">\n        <div class=\"wpb_wrapper\">\n            \n\t<div class=\"wpb_text_column wpb_content_element\" >\n\t\t<div class=\"wpb_wrapper\">\n\t\t\t<p><span class=\"contactUsbtn book_tour_new hytour-link\">Eine Tour buchen<\/span><\/p>\n\n\t\t<\/div>\n\t<\/div>\n        <\/div>\n    <\/div>\n<\/div>    <\/div>\n    <div class=\"vc_row-full-width vc_clearfix\"><\/div>\n<\/section>","protected":false},"excerpt":{"rendered":"Your browser does not support HTML5 video. Welcome home to Elara. See why our apartments stand out. Your browser does not support HTML5 video. A radiant place to call home. Live at Elara Apartments in Woodland Hills, CA. Discover a sanctuary of serenity and comfort in Elara \u2013 the perfect place to call home. Experience ...","protected":false},"author":13,"featured_media":0,"parent":0,"menu_order":0,"comment_status":"closed","ping_status":"closed","template":"","meta":{"_acf_changed":false,"footnotes":""},"class_list":["post-1997","page","type-page","status-publish","hentry"],"acf":[],"yoast_head":"<!-- This site is optimized with the Yoast SEO plugin v27.4 - https:\/\/yoast.com\/product\/yoast-seo-wordpress\/ -->\n<title>Woodland Hills, CA, Apartments | Elara | Home Page<\/title>\n<meta name=\"description\" content=\"Elara features apartments for rent in Woodland Hills, CA, designed for comfort and style, with access to nearby parks and retail hubs. Schedule your tour today.\" \/>\n<meta name=\"robots\" content=\"index, follow, max-snippet:-1, max-image-preview:large, max-video-preview:-1\" \/>\n<link rel=\"canonical\" href=\"https:\/\/www.elaraliving.com\/de\/\" \/>\n<meta property=\"og:locale\" content=\"de_DE\" \/>\n<meta property=\"og:type\" content=\"article\" \/>\n<meta property=\"og:title\" content=\"Woodland Hills, CA, Apartments | Elara | Home Page\" \/>\n<meta property=\"og:description\" content=\"Elara features apartments for rent in Woodland Hills, CA, designed for comfort and style, with access to nearby parks and retail hubs. Schedule your tour today.\" \/>\n<meta property=\"og:url\" content=\"https:\/\/www.elaraliving.com\/de\/\" \/>\n<meta property=\"og:site_name\" content=\"Elara\" \/>\n<meta property=\"article:modified_time\" content=\"2026-01-30T04:54:50+00:00\" \/>\n<meta name=\"twitter:card\" content=\"summary_large_image\" \/>\n<meta name=\"twitter:label1\" content=\"Est. reading time\" \/>\n\t<meta name=\"twitter:data1\" content=\"3\u00a0Minuten\" \/>\n<script type=\"application\/ld+json\" class=\"yoast-schema-graph\">{\"@context\":\"https:\\\/\\\/schema.org\",\"@graph\":[{\"@type\":\"WebPage\",\"@id\":\"https:\\\/\\\/www.elaraliving.com\\\/\",\"url\":\"https:\\\/\\\/www.elaraliving.com\\\/\",\"name\":\"Woodland Hills, CA, Apartments | Elara | Home Page\",\"isPartOf\":{\"@id\":\"https:\\\/\\\/www.elaraliving.com\\\/#website\"},\"datePublished\":\"2019-06-06T12:27:58+00:00\",\"dateModified\":\"2026-01-30T04:54:50+00:00\",\"description\":\"Elara features apartments for rent in Woodland Hills, CA, designed for comfort and style, with access to nearby parks and retail hubs. Schedule your tour today.\",\"breadcrumb\":{\"@id\":\"https:\\\/\\\/www.elaraliving.com\\\/#breadcrumb\"},\"inLanguage\":\"de\",\"potentialAction\":[{\"@type\":\"ReadAction\",\"target\":[\"https:\\\/\\\/www.elaraliving.com\\\/\"]}]},{\"@type\":\"BreadcrumbList\",\"@id\":\"https:\\\/\\\/www.elaraliving.com\\\/#breadcrumb\",\"itemListElement\":[{\"@type\":\"ListItem\",\"position\":1,\"name\":\"Home\",\"item\":\"https:\\\/\\\/www.elaraliving.com\\\/\"},{\"@type\":\"ListItem\",\"position\":2,\"name\":\"Homepage\"}]},{\"@type\":\"WebSite\",\"@id\":\"https:\\\/\\\/www.elaraliving.com\\\/#website\",\"url\":\"https:\\\/\\\/www.elaraliving.com\\\/\",\"name\":\"Elara\",\"description\":\"\",\"publisher\":{\"@id\":\"https:\\\/\\\/www.elaraliving.com\\\/#organization\"},\"potentialAction\":[{\"@type\":\"SearchAction\",\"target\":{\"@type\":\"EntryPoint\",\"urlTemplate\":\"https:\\\/\\\/www.elaraliving.com\\\/?s={search_term_string}\"},\"query-input\":{\"@type\":\"PropertyValueSpecification\",\"valueRequired\":true,\"valueName\":\"search_term_string\"}}],\"inLanguage\":\"de\"},{\"@type\":\"Organization\",\"@id\":\"https:\\\/\\\/www.elaraliving.com\\\/#organization\",\"name\":\"Haven Apartments\",\"url\":\"https:\\\/\\\/www.elaraliving.com\\\/\",\"logo\":{\"@type\":\"ImageObject\",\"inLanguage\":\"de\",\"@id\":\"https:\\\/\\\/www.elaraliving.com\\\/#\\\/schema\\\/logo\\\/image\\\/\",\"url\":\"https:\\\/\\\/www.elaraliving.com\\\/wp-content\\\/uploads\\\/2021\\\/02\\\/logo-mobile.png\",\"contentUrl\":\"https:\\\/\\\/www.elaraliving.com\\\/wp-content\\\/uploads\\\/2021\\\/02\\\/logo-mobile.png\",\"width\":216,\"height\":71,\"caption\":\"Haven Apartments\"},\"image\":{\"@id\":\"https:\\\/\\\/www.elaraliving.com\\\/#\\\/schema\\\/logo\\\/image\\\/\"}}]}<\/script>\n<!-- \/ Yoast SEO plugin. -->","yoast_head_json":{"title":"Woodland Hills, CA, Wohnungen | Elara | Home Page","description":"Elara bietet Mietwohnungen in Woodland Hills, CA, die auf Komfort und Stil ausgelegt sind und Zugang zu nahe gelegenen Parks und Einkaufszentren bieten. Planen Sie Ihre Tour heute.","robots":{"index":"index","follow":"follow","max-snippet":"max-snippet:-1","max-image-preview":"max-image-preview:large","max-video-preview":"max-video-preview:-1"},"canonical":"https:\/\/www.elaraliving.com\/de\/","og_locale":"de_DE","og_type":"article","og_title":"Woodland Hills, CA, Apartments | Elara | Home Page","og_description":"Elara features apartments for rent in Woodland Hills, CA, designed for comfort and style, with access to nearby parks and retail hubs. Schedule your tour today.","og_url":"https:\/\/www.elaraliving.com\/de\/","og_site_name":"Elara","article_modified_time":"2026-01-30T04:54:50+00:00","twitter_card":"summary_large_image","twitter_misc":{"Est. reading time":"3\u00a0Minuten"},"schema":{"@context":"https:\/\/schema.org","@graph":[{"@type":"WebPage","@id":"https:\/\/www.elaraliving.com\/","url":"https:\/\/www.elaraliving.com\/","name":"Woodland Hills, CA, Wohnungen | Elara | Home Page","isPartOf":{"@id":"https:\/\/www.elaraliving.com\/#website"},"datePublished":"2019-06-06T12:27:58+00:00","dateModified":"2026-01-30T04:54:50+00:00","description":"Elara bietet Mietwohnungen in Woodland Hills, CA, die auf Komfort und Stil ausgelegt sind und Zugang zu nahe gelegenen Parks und Einkaufszentren bieten. Planen Sie Ihre Tour heute.","breadcrumb":{"@id":"https:\/\/www.elaraliving.com\/#breadcrumb"},"inLanguage":"de","potentialAction":[{"@type":"ReadAction","target":["https:\/\/www.elaraliving.com\/"]}]},{"@type":"BreadcrumbList","@id":"https:\/\/www.elaraliving.com\/#breadcrumb","itemListElement":[{"@type":"ListItem","position":1,"name":"Home","item":"https:\/\/www.elaraliving.com\/"},{"@type":"ListItem","position":2,"name":"Homepage"}]},{"@type":"WebSite","@id":"https:\/\/www.elaraliving.com\/#website","url":"https:\/\/www.elaraliving.com\/","name":"Elara","description":"","publisher":{"@id":"https:\/\/www.elaraliving.com\/#organization"},"potentialAction":[{"@type":"SearchAction","target":{"@type":"EntryPoint","urlTemplate":"https:\/\/www.elaraliving.com\/?s={search_term_string}"},"query-input":{"@type":"PropertyValueSpecification","valueRequired":true,"valueName":"search_term_string"}}],"inLanguage":"de"},{"@type":"Organization","@id":"https:\/\/www.elaraliving.com\/#organization","name":"Haven Wohnungen","url":"https:\/\/www.elaraliving.com\/","logo":{"@type":"ImageObject","inLanguage":"de","@id":"https:\/\/www.elaraliving.com\/#\/schema\/logo\/image\/","url":"https:\/\/www.elaraliving.com\/wp-content\/uploads\/2021\/02\/logo-mobile.png","contentUrl":"https:\/\/www.elaraliving.com\/wp-content\/uploads\/2021\/02\/logo-mobile.png","width":216,"height":71,"caption":"Haven Apartments"},"image":{"@id":"https:\/\/www.elaraliving.com\/#\/schema\/logo\/image\/"}}]}},"_links":{"self":[{"href":"https:\/\/www.elaraliving.com\/de\/wp-json\/wp\/v2\/pages\/1997","targetHints":{"allow":["GET"]}}],"collection":[{"href":"https:\/\/www.elaraliving.com\/de\/wp-json\/wp\/v2\/pages"}],"about":[{"href":"https:\/\/www.elaraliving.com\/de\/wp-json\/wp\/v2\/types\/page"}],"author":[{"embeddable":true,"href":"https:\/\/www.elaraliving.com\/de\/wp-json\/wp\/v2\/users\/13"}],"replies":[{"embeddable":true,"href":"https:\/\/www.elaraliving.com\/de\/wp-json\/wp\/v2\/comments?post=1997"}],"version-history":[{"count":0,"href":"https:\/\/www.elaraliving.com\/de\/wp-json\/wp\/v2\/pages\/1997\/revisions"}],"wp:attachment":[{"href":"https:\/\/www.elaraliving.com\/de\/wp-json\/wp\/v2\/media?parent=1997"}],"curies":[{"name":"wp","href":"https:\/\/api.w.org\/{rel}","templated":true}]}}